{"id":2232,"date":"2015-03-23T09:23:39","date_gmt":"2015-03-23T09:23:39","guid":{"rendered":"http:\/\/themes.muffingroup.com\/be\/sport\/?page_id=2"},"modified":"2026-04-20T13:55:02","modified_gmt":"2026-04-20T11:55:02","slug":"home","status":"publish","type":"page","link":"https:\/\/petramarty.com\/","title":{"rendered":"\u00daVOD"},"content":{"rendered":"","protected":false},"excerpt":{"rendered":"","protected":false},"author":4,"featured_media":0,"parent":0,"menu_order":0,"comment_status":"open","ping_status":"open","template":"","meta":{"footnotes":""},"class_list":["post-2232","page","type-page","status-publish","hentry"],"yoast_head":"<!-- This site is optimized with the Yoast SEO plugin v27.4 - https:\/\/yoast.com\/product\/yoast-seo-wordpress\/ -->\n<title>\u00daVOD - Petra Martynkov\u00e1<\/title>\n<meta name=\"robots\" content=\"index, follow, max-snippet:-1, max-image-preview:large, max-video-preview:-1\" \/>\n<link rel=\"canonical\" href=\"https:\/\/petramarty.com\/\" \/>\n<meta property=\"og:locale\" content=\"cs_CZ\" \/>\n<meta property=\"og:type\" content=\"article\" \/>\n<meta property=\"og:title\" content=\"\u00daVOD - Petra Martynkov\u00e1\" \/>\n<meta property=\"og:url\" content=\"https:\/\/petramarty.com\/\" \/>\n<meta property=\"og:site_name\" content=\"Petra Martynkov\u00e1\" \/>\n<meta property=\"article:modified_time\" content=\"2026-04-20T11:55:02+00:00\" \/>\n<meta name=\"twitter:card\" content=\"summary_large_image\" \/>\n<script type=\"application\/ld+json\" class=\"yoast-schema-graph\">{\"@context\":\"https:\\\/\\\/schema.org\",\"@graph\":[{\"@type\":\"WebPage\",\"@id\":\"https:\\\/\\\/petramarty.com\\\/\",\"url\":\"https:\\\/\\\/petramarty.com\\\/\",\"name\":\"\u00daVOD - Petra Martynkov\u00e1\",\"isPartOf\":{\"@id\":\"https:\\\/\\\/petramarty.com\\\/#website\"},\"datePublished\":\"2015-03-23T09:23:39+00:00\",\"dateModified\":\"2026-04-20T11:55:02+00:00\",\"breadcrumb\":{\"@id\":\"https:\\\/\\\/petramarty.com\\\/#breadcrumb\"},\"inLanguage\":\"cs\",\"potentialAction\":[{\"@type\":\"ReadAction\",\"target\":[\"https:\\\/\\\/petramarty.com\\\/\"]}]},{\"@type\":\"BreadcrumbList\",\"@id\":\"https:\\\/\\\/petramarty.com\\\/#breadcrumb\",\"itemListElement\":[{\"@type\":\"ListItem\",\"position\":1,\"name\":\"Dom\u016f\",\"item\":\"https:\\\/\\\/petramarty.com\\\/\"},{\"@type\":\"ListItem\",\"position\":2,\"name\":\"\u00daVOD\"}]},{\"@type\":\"WebSite\",\"@id\":\"https:\\\/\\\/petramarty.com\\\/#website\",\"url\":\"https:\\\/\\\/petramarty.com\\\/\",\"name\":\"Petra Martynkov\u00e1\",\"description\":\"Extraligov\u00e1 tren\u00e9rka Petra Martynkov\u00e1 tr\u00e9nuje sv\u00e9 klienty\",\"potentialAction\":[{\"@type\":\"SearchAction\",\"target\":{\"@type\":\"EntryPoint\",\"urlTemplate\":\"https:\\\/\\\/petramarty.com\\\/?s={search_term_string}\"},\"query-input\":{\"@type\":\"PropertyValueSpecification\",\"valueRequired\":true,\"valueName\":\"search_term_string\"}}],\"inLanguage\":\"cs\"}]}<\/script>\n<!-- \/ Yoast SEO plugin. -->","yoast_head_json":{"title":"\u00daVOD - Petra Martynkov\u00e1","robots":{"index":"index","follow":"follow","max-snippet":"max-snippet:-1","max-image-preview":"max-image-preview:large","max-video-preview":"max-video-preview:-1"},"canonical":"https:\/\/petramarty.com\/","og_locale":"cs_CZ","og_type":"article","og_title":"\u00daVOD - Petra Martynkov\u00e1","og_url":"https:\/\/petramarty.com\/","og_site_name":"Petra Martynkov\u00e1","article_modified_time":"2026-04-20T11:55:02+00:00","twitter_card":"summary_large_image","schema":{"@context":"https:\/\/schema.org","@graph":[{"@type":"WebPage","@id":"https:\/\/petramarty.com\/","url":"https:\/\/petramarty.com\/","name":"\u00daVOD - Petra Martynkov\u00e1","isPartOf":{"@id":"https:\/\/petramarty.com\/#website"},"datePublished":"2015-03-23T09:23:39+00:00","dateModified":"2026-04-20T11:55:02+00:00","breadcrumb":{"@id":"https:\/\/petramarty.com\/#breadcrumb"},"inLanguage":"cs","potentialAction":[{"@type":"ReadAction","target":["https:\/\/petramarty.com\/"]}]},{"@type":"BreadcrumbList","@id":"https:\/\/petramarty.com\/#breadcrumb","itemListElement":[{"@type":"ListItem","position":1,"name":"Dom\u016f","item":"https:\/\/petramarty.com\/"},{"@type":"ListItem","position":2,"name":"\u00daVOD"}]},{"@type":"WebSite","@id":"https:\/\/petramarty.com\/#website","url":"https:\/\/petramarty.com\/","name":"Petra Martynkov\u00e1","description":"Extraligov\u00e1 tren\u00e9rka Petra Martynkov\u00e1 tr\u00e9nuje sv\u00e9 klienty","potentialAction":[{"@type":"SearchAction","target":{"@type":"EntryPoint","urlTemplate":"https:\/\/petramarty.com\/?s={search_term_string}"},"query-input":{"@type":"PropertyValueSpecification","valueRequired":true,"valueName":"search_term_string"}}],"inLanguage":"cs"}]}},"_links":{"self":[{"href":"https:\/\/petramarty.com\/index.php?rest_route=\/wp\/v2\/pages\/2232","targetHints":{"allow":["GET"]}}],"collection":[{"href":"https:\/\/petramarty.com\/index.php?rest_route=\/wp\/v2\/pages"}],"about":[{"href":"https:\/\/petramarty.com\/index.php?rest_route=\/wp\/v2\/types\/page"}],"author":[{"embeddable":true,"href":"https:\/\/petramarty.com\/index.php?rest_route=\/wp\/v2\/users\/4"}],"replies":[{"embeddable":true,"href":"https:\/\/petramarty.com\/index.php?rest_route=%2Fwp%2Fv2%2Fcomments&post=2232"}],"version-history":[{"count":2,"href":"https:\/\/petramarty.com\/index.php?rest_route=\/wp\/v2\/pages\/2232\/revisions"}],"predecessor-version":[{"id":2296,"href":"https:\/\/petramarty.com\/index.php?rest_route=\/wp\/v2\/pages\/2232\/revisions\/2296"}],"wp:attachment":[{"href":"https:\/\/petramarty.com\/index.php?rest_route=%2Fwp%2Fv2%2Fmedia&parent=2232"}],"curies":[{"name":"wp","href":"https:\/\/api.w.org\/{rel}","templated":true}]}}